{"id":676,"date":"2022-01-17T14:10:02","date_gmt":"2022-01-17T13:10:02","guid":{"rendered":"https:\/\/www.feuerwehr-moossee.ch\/?page_id=676"},"modified":"2024-08-07T17:04:55","modified_gmt":"2024-08-07T15:04:55","slug":"informationen","status":"publish","type":"page","link":"https:\/\/www.feuerwehr-moossee.ch\/?page_id=676","title":{"rendered":"Informationen"},"content":{"rendered":"\n<p class=\"has-white-color has-text-color has-link-color wp-elements-c645e628e62f8fbab9d9726851472d16\"><\/p>\n\n\n\n<p class=\"has-text-align-center has-black-color has-text-color has-link-color has-medium-font-size wp-elements-173ee782c2a7ed3bd009ecca4eccc79e\"><strong>Zusammenleben mit Insekten<\/strong><\/p>\n\n\n<div class=\"wp-block-image\">\n<figure class=\"aligncenter size-full is-resized\"><img loading=\"lazy\" decoding=\"async\" width=\"533\" height=\"350\" src=\"https:\/\/www.feuerwehr-moossee.ch\/wp-content\/uploads\/2024\/08\/Wespen.webp\" alt=\"\" class=\"wp-image-2948\" style=\"width:213px;height:auto\" srcset=\"https:\/\/www.feuerwehr-moossee.ch\/wp-content\/uploads\/2024\/08\/Wespen.webp 533w, https:\/\/www.feuerwehr-moossee.ch\/wp-content\/uploads\/2024\/08\/Wespen-300x197.webp 300w\" sizes=\"auto, (max-width: 533px) 100vw, 533px\" \/><\/figure>\n<\/div>\n\n\n<p class=\"has-text-align-left\"><p style=\"margin:0cm\"><b><span style=\"font-size:11.0pt;font-family:&quot;Verdana&quot;,sans-serif\"><\/span><\/b><\/p><p style=\"margin:0cm\"><\/p><span style=\"font-size:11.0pt;font-family:&quot;Verdana&quot;,sans-serif\">Sobald es draussen wieder w\u00e4rmer wird, <\/span><span style=\"font-size:11.0pt;\nfont-family:&quot;Verdana&quot;,sans-serif;mso-fareast-font-family:&quot;Times New Roman&quot;;\nmso-fareast-theme-font:major-fareast\">erwachen zahlreiche und vielf\u00e4ltige Insekten zum Leben.<\/span><span style=\"font-size:11.0pt;font-family:\n&quot;Verdana&quot;,sans-serif\"> Je nach Nistplatz k\u00f6nnen sie f\u00fcr den einen oder anderen Menschen durchaus l\u00e4stig werden. Dennoch haben auch diese Tiere ihre Berechtigung in unserem \u00d6kosystem. Gerade in Zeiten, in denen das grosse Bienensterben ein Thema ist, ist ein <\/span><span style=\"font-size:\n11.0pt;font-family:&quot;Verdana&quot;,sans-serif;mso-fareast-font-family:&quot;Times New Roman&quot;;\nmso-fareast-theme-font:major-fareast\">toleranterer Umgang mit diesen Wesen unerl\u00e4sslich<\/span><b><span style=\"font-size:11.0pt;font-family:&quot;Verdana&quot;,sans-serif\">.<\/span><\/b><span style=\"font-size:11.0pt;font-family:&quot;Verdana&quot;,sans-serif\"><\/span><\/p>\n\n\n\n<p><p style=\"text-align:justify\"><strong><span style=\"font-size:11.0pt;font-family:\n&quot;Verdana&quot;,sans-serif;mso-fareast-font-family:&quot;Times New Roman&quot;;mso-fareast-theme-font:\nmajor-fareast\">Wespen und Hornissen<\/span><\/strong><span style=\"font-size:11.0pt;\nfont-family:&quot;Verdana&quot;,sans-serif\"> sind ebenfalls wichtige und hilfreiche Artgenossen. Dank ihres grossen Appetits halten sie unsere Umwelt frei von l\u00e4stigen Insekten und tragen zur Fortpflanzung der Flora bei.<\/span><\/p><\/p>\n\n\n\n<p><p style=\"text-align:justify\"><i><span style=\"font-size:9.0pt;font-family:&quot;Verdana&quot;,sans-serif\"><a href=\"https:\/\/archiv.tierschutz.com\/publikationen\/wildtiere\/infothek\/mb_bienen.pdf\"><strong>STS Merkblatt Bienen, Hummeln (Schweizer Tierschutz)<\/strong><\/a><\/span><\/i><\/p><\/p>\n\n\n\n<p><p style=\"text-align:justify\"><span style=\"font-size:11.0pt;font-family:&quot;Verdana&quot;,sans-serif\">Der <\/span><span style=\"font-size:11.0pt;font-family:&quot;Verdana&quot;,sans-serif;\nmso-fareast-font-family:&quot;Times New Roman&quot;;mso-fareast-theme-font:major-fareast\">schweizerische Tierschutz STS<\/span><span style=\"font-size:11.0pt;font-family:&quot;Verdana&quot;,sans-serif\"> m\u00f6chte mit diesem Merkblatt verdeutlichen, wie interessant diese Tiere sind und dass ein Zusammenleben mit ihnen durchaus m\u00f6glich ist. <\/span><strong><span style=\"font-size:11.0pt;font-family:&quot;Verdana&quot;,sans-serif;mso-fareast-font-family:\n&quot;Times New Roman&quot;;mso-fareast-theme-font:major-fareast\">Bienen, Hornissen und Wespen<\/span><\/strong><span style=\"font-size:11.0pt;font-family:&quot;Verdana&quot;,sans-serif\"> sind oft ungebetene G\u00e4ste und werden allzu oft mit radikalen Mitteln bek\u00e4mpft.<br>Dabei haben diese Insekten wie alle Tiere <b>eine<\/b> <b>wichtige Funktion in der Natur<\/b>. Sie geh\u00f6ren zu den einheimischen Tierarten, ebenso wie V\u00f6gel, Rehe, F\u00fcchse, Igel und andere Lebewesen. F\u00fcr viele V\u00f6gel sind Insekten, auch solche, die stechen k\u00f6nnen, wichtige Bestandteile ihrer Nahrung. Ein besonderes Augenmerk gilt dem <\/span><strong><span style=\"font-size:11.0pt;\nfont-family:&quot;Verdana&quot;,sans-serif;mso-fareast-font-family:&quot;Times New Roman&quot;;\nmso-fareast-theme-font:major-fareast\">Nestbau an unerw\u00fcnschten Orten<\/span><\/strong><span style=\"font-size:11.0pt;font-family:&quot;Verdana&quot;,sans-serif\">. Wenn ein Wespennest an einem Standort nicht toleriert wird und eine Umsiedlung nicht in Frage kommt, kann ein rasch abbaubares Biogift durch Fachpersonal angewendet werden. Allerdings sollten wir bedenken, dass Gifte auch negative Auswirkungen auf andere Insekten, Flederm\u00e4use, V\u00f6gel und eventuell sogar Menschen haben k\u00f6nnen. Daher sollten sie nur als <\/span><span style=\"font-size:11.0pt;\nfont-family:&quot;Verdana&quot;,sans-serif;mso-fareast-font-family:&quot;Times New Roman&quot;;\nmso-fareast-theme-font:major-fareast\">allerletzte M\u00f6glichkeit<\/span><span style=\"font-size:11.0pt;font-family:&quot;Verdana&quot;,sans-serif\"> in Betracht gezogen werden. Wenn Sie in eine solche Situation geraten, gibt es <\/span><span style=\"font-size:11.0pt;font-family:&quot;Verdana&quot;,sans-serif;mso-fareast-font-family:\n&quot;Times New Roman&quot;;mso-fareast-theme-font:major-fareast\">diverse Firmen<\/span><span style=\"font-size:11.0pt;font-family:&quot;Verdana&quot;,sans-serif\">, die diesen Dienst professionell anbieten (siehe Internet nach Sch\u00e4dlingsbek\u00e4mpfung). <\/span><\/p><\/p>\n\n\n\n<p><p style=\"text-align:justify\"><span style=\"font-size:11.0pt;font-family:&quot;Verdana&quot;,sans-serif;\nmso-fareast-font-family:&quot;Times New Roman&quot;;mso-fareast-theme-font:major-fareast;\ncolor:#0070C0\">Zudem k\u00f6nnen Bienenschw\u00e4rme direkt an \u00f6rtliche Imker oder \u00fcber die Nummer <strong>118<\/strong><br>gemeldet werden<\/span><span style=\"font-size:11.0pt;font-family:&quot;Verdana&quot;,sans-serif;\ncolor:#0070C0\">.<\/span><\/p><\/p>\n\n\n\n<p><p style=\"text-align:justify\"><b><span style=\"font-family:&quot;Verdana&quot;,sans-serif;\nmso-fareast-font-family:&quot;Times New Roman&quot;;mso-bidi-font-family:&quot;Times New Roman&quot;;\nmso-fareast-language:DE-CH\">Fazit<\/span><\/b><span style=\"font-family:&quot;Verdana&quot;,sans-serif;\nmso-fareast-font-family:&quot;Times New Roman&quot;;mso-bidi-font-family:&quot;Times New Roman&quot;;\nmso-fareast-language:DE-CH\">: Ein Wespennest, das sich in einem Rollladenkasten oder \u00e4hnlichen Orten eingenistet hat, stellt f\u00fcr die Bev\u00f6lkerung noch keine unmittelbare Gefahr dar. Die Feuerwehr kommt erst bei unmittelbarer Gefahr f\u00fcr die Bev\u00f6lkerung zum Einsatz. <\/span><b><span style=\"font-family:&quot;Verdana&quot;,sans-serif;\nmso-fareast-font-family:&quot;Times New Roman&quot;;mso-bidi-font-family:&quot;Times New Roman&quot;;\nmso-fareast-language:DE-CH\">Alternativ zum Feuerwehreinsatz<\/span><\/b><span style=\"font-family:&quot;Verdana&quot;,sans-serif;mso-fareast-font-family:&quot;Times New Roman&quot;;\nmso-bidi-font-family:&quot;Times New Roman&quot;;mso-fareast-language:DE-CH\"> k\u00f6nnen Sie ein handels\u00fcbliches Insektenspray erwerben und das Nest selbst vernichten. Das Abw\u00e4gen zwischen Vernichten und Leben lassen ist im Sp\u00e4therbst sicherlich eine gute Alternative, da zu dieser Zeit die Saison dieser Insekten aufgrund der kalten Jahreszeit zu Ende geht. <\/span><\/p><\/p>\n\n\n\n<p><p style=\"text-align:justify\"><b><span style=\"font-family:&quot;Verdana&quot;,sans-serif;\nmso-fareast-font-family:&quot;Times New Roman&quot;;mso-bidi-font-family:&quot;Times New Roman&quot;;\nmso-fareast-language:DE-CH\">Pr\u00e4ventive Massnahmen<\/span><\/b><span style=\"font-family:&quot;Verdana&quot;,sans-serif;mso-fareast-font-family:&quot;Times New Roman&quot;;\nmso-bidi-font-family:&quot;Times New Roman&quot;;mso-fareast-language:DE-CH\">:<\/span><span style=\"font-size: revert;\">  <\/span><\/p><\/p>\n\n\n\n<ol class=\"wp-block-list\">\n<li><b style=\"font-size: revert; text-align: justify;\"><span style=\"font-family:&quot;Verdana&quot;,sans-serif;mso-fareast-font-family:\n     &quot;Times New Roman&quot;;mso-bidi-font-family:&quot;Times New Roman&quot;;mso-fareast-language:\n     DE-CH\">Storen immer wieder rauf- und runterlassen<\/span><\/b><span style=\"font-size: revert; text-align: justify; font-family: Verdana, sans-serif;\">:<\/span><p style=\"text-align:justify\"><span style=\"font-family:&quot;Verdana&quot;,sans-serif;mso-fareast-font-family:&quot;Times New Roman&quot;;\n     mso-bidi-font-family:&quot;Times New Roman&quot;;mso-fareast-language:DE-CH\">Dadurch verhindern Sie, dass sich Nester in den Rollladenk\u00e4sten einnisten.<\/span> <\/p><\/li>\n\n\n\n<li><p style=\"text-align:justify\"><b><span style=\"font-family:&quot;Verdana&quot;,sans-serif;mso-fareast-font-family:\n     &quot;Times New Roman&quot;;mso-bidi-font-family:&quot;Times New Roman&quot;;mso-fareast-language:\n     DE-CH\">Sonnenschirme \u00f6ffnen und schliessen<\/span><\/b><span style=\"font-family:&quot;Verdana&quot;,sans-serif;mso-fareast-font-family:&quot;Times New Roman&quot;;\n     mso-bidi-font-family:&quot;Times New Roman&quot;;mso-fareast-language:DE-CH\">:<br>Achten Sie darauf, dass sich keine Nester unter Sonnenschirmen bilden.<\/span><\/p><\/li>\n\n\n\n<li><p style=\"text-align:justify\"><b><span style=\"font-family:&quot;Verdana&quot;,sans-serif;mso-fareast-font-family:\n     &quot;Times New Roman&quot;;mso-bidi-font-family:&quot;Times New Roman&quot;;mso-fareast-language:\n     DE-CH\">Fr\u00fchzeitig beobachten (Flugbetrieb)<\/span><\/b><span style=\"font-family:&quot;Verdana&quot;,sans-serif;mso-fareast-font-family:&quot;Times New Roman&quot;;\n     mso-bidi-font-family:&quot;Times New Roman&quot;;mso-fareast-language:DE-CH\">: Wenn Sie vermehrte Aktivit\u00e4t von Wespen oder Hornissen bemerken, k\u00f6nnen Sie rechtzeitig handeln.<\/span> <\/p><\/li>\n\n\n\n<li><p style=\"text-align:justify\"><b><span style=\"font-family:&quot;Verdana&quot;,sans-serif;mso-fareast-font-family:\n     &quot;Times New Roman&quot;;mso-bidi-font-family:&quot;Times New Roman&quot;;mso-fareast-language:\n     DE-CH\">Kleine Nester bei Einbruch der Dunkelheit entfernen<\/span><\/b><span style=\"font-family:&quot;Verdana&quot;,sans-serif;mso-fareast-font-family:&quot;Times New Roman&quot;;\n     mso-bidi-font-family:&quot;Times New Roman&quot;;mso-fareast-language:DE-CH\">: Falls<br>Sie kleine Nester entdecken, k\u00f6nnen Sie diese vorsichtig entfernen, wenn es dunkel ist und die Insekten ruhen.<\/span> <\/p><\/li>\n\n\n\n<li><p style=\"text-align:justify\"><b><span style=\"font-family:&quot;Verdana&quot;,sans-serif;mso-fareast-font-family:\n     &quot;Times New Roman&quot;;mso-bidi-font-family:&quot;Times New Roman&quot;;mso-fareast-language:\n     DE-CH\">L\u00f6cher und Spalten mit geeignetem Material stopfen oder abdichten<\/span><\/b><span style=\"font-family:&quot;Verdana&quot;,sans-serif;mso-fareast-font-family:&quot;Times New Roman&quot;;\n     mso-bidi-font-family:&quot;Times New Roman&quot;;mso-fareast-language:DE-CH\">:<br>Verhindern Sie, dass sich die Insekten an unerw\u00fcnschten Stellen einnisten k\u00f6nnen.<\/span><\/p><span style=\"font-size:11.0pt;line-height:107%;font-family:&quot;Verdana&quot;,sans-serif;\nmso-fareast-font-family:Aptos;mso-fareast-theme-font:minor-latin;mso-bidi-font-family:\n&quot;Times New Roman&quot;;mso-bidi-theme-font:minor-bidi;mso-ansi-language:DE-CH;\nmso-fareast-language:EN-US;mso-bidi-language:AR-SA\">Ihre Feuerwehr Region Moossee<\/span><\/li>\n<\/ol>\n","protected":false},"excerpt":{"rendered":"<p>Zusammenleben mit Insekten Sobald es draussen wieder w\u00e4rmer wird, erwachen zahlreiche und vielf\u00e4ltige Insekten zum Leben. Je nach Nistplatz k\u00f6nnen sie f\u00fcr den einen oder anderen Menschen durchaus l\u00e4stig werden. Dennoch haben auch diese Tiere ihre Berechtigung in unserem \u00d6kosystem. Gerade in Zeiten, in denen das grosse Bienensterben ein Thema ist, ist ein toleranterer Umgang &hellip; <\/p>\n<p class=\"link-more\"><a href=\"https:\/\/www.feuerwehr-moossee.ch\/?page_id=676\" class=\"more-link\"><span class=\"screen-reader-text\">&#171;Informationen&#187;<\/span> weiterlesen<\/a><\/p>\n","protected":false},"author":1,"featured_media":0,"parent":0,"menu_order":0,"comment_status":"closed","ping_status":"closed","template":"","meta":{"footnotes":""},"class_list":["post-676","page","type-page","status-publish","hentry"],"_links":{"self":[{"href":"https:\/\/www.feuerwehr-moossee.ch\/index.php?rest_route=\/wp\/v2\/pages\/676","targetHints":{"allow":["GET"]}}],"collection":[{"href":"https:\/\/www.feuerwehr-moossee.ch\/index.php?rest_route=\/wp\/v2\/pages"}],"about":[{"href":"https:\/\/www.feuerwehr-moossee.ch\/index.php?rest_route=\/wp\/v2\/types\/page"}],"author":[{"embeddable":true,"href":"https:\/\/www.feuerwehr-moossee.ch\/index.php?rest_route=\/wp\/v2\/users\/1"}],"replies":[{"embeddable":true,"href":"https:\/\/www.feuerwehr-moossee.ch\/index.php?rest_route=%2Fwp%2Fv2%2Fcomments&post=676"}],"version-history":[{"count":10,"href":"https:\/\/www.feuerwehr-moossee.ch\/index.php?rest_route=\/wp\/v2\/pages\/676\/revisions"}],"predecessor-version":[{"id":2958,"href":"https:\/\/www.feuerwehr-moossee.ch\/index.php?rest_route=\/wp\/v2\/pages\/676\/revisions\/2958"}],"wp:attachment":[{"href":"https:\/\/www.feuerwehr-moossee.ch\/index.php?rest_route=%2Fwp%2Fv2%2Fmedia&parent=676"}],"curies":[{"name":"wp","href":"https:\/\/api.w.org\/{rel}","templated":true}]}}