{"id":62,"date":"2021-03-08T12:54:11","date_gmt":"2021-03-08T11:54:11","guid":{"rendered":"https:\/\/www.feuerwehr-moossee.ch\/?page_id=62"},"modified":"2021-12-16T15:33:47","modified_gmt":"2021-12-16T14:33:47","slug":"einsatzkonzeption-und-stationierung","status":"publish","type":"page","link":"https:\/\/www.feuerwehr-moossee.ch\/?page_id=62","title":{"rendered":"Einsatzkonzeption und Stationierung"},"content":{"rendered":"\n<h2 class=\"wp-block-heading\">Bestand<\/h2>\n\n\n\n<p>Die Feuerwehr Region Moossee wird in ihrer Zielkonfiguration einen Bestand von rund 150 Angeh\u00f6rigen der Feuerwehr (AdF) aufweisen. Die Gemeinden unterst\u00fctzen das Gemeindeunternehmen aktiv bei der Regulierung bzw. dem Erhalt des Bestandes und bei der Rekrutierung von neuen Feuerwehrangeh\u00f6rigen (Jahrg\u00e4nger, Zuz\u00fcger, Gemeindeangestellte, etc.).<\/p>\n\n\n\n<h2 class=\"wp-block-heading\">Einsatzelemente Miliz und Stationierung<\/h2>\n\n\n\n<p>Die Einsatzorganisation der Feuerwehr sieht ein zentrales Einsatzelement (ZFE) mit einem Bestand von rund 25 AdF (Miliz), sowie vier dezentrale Einsatzelemente (DFE) mit einem Bestand von jeweils 30 AdF (Miliz) vor.<\/p>\n\n\n\n<p>Die verschiedenen Einsatzelemente werden an den bestehenden, bisherigen Magazinstandorten in M\u00fcnchenbuchsee, Zollikofen, Urtenen-Sch\u00f6nb\u00fchl und Moosseedorf stationiert sein. Das zentrale Einsatzelement, welches namentlich auch die kantonalen Aufgaben Feuerwehr \u00fcbernimmt, wird am Standort M\u00fcnchenbuchsee stationiert sein. Es werden aber AdF aus dem ganzen Einsatzperimeter in diesem zentralen Feuerwehrelement eingeteilt sein.<\/p>\n\n\n\n<p>S\u00e4mtliche Einsatzelemente verf\u00fcgen \u00fcber die erforderlichen materiellen Einsatzmittel und Fahrzeuge, welche f\u00fcr eine Erstintervention innert der vom Kanton vorgegebenen Interventionsfrist erforderlich sind, namentlich \u00fcber ein Tankl\u00f6schfahrzeug sowie Atemschutzger\u00e4te. Gr\u00f6ssere Einsatzmittel (z.B. Autodrehleiter oder R\u00fcstfahrzeug) oder spezielle Einsatzmittel (z.B. Schlauchverlegefahrzeug, Verkehrsfahrzeuge) werden je nach taktischer Wichtigkeit an ausgew\u00e4hlten Standorten stationiert.<\/p>\n\n\n\n<h2 class=\"wp-block-heading\">Tagdienstmitarbeitende<\/h2>\n\n\n\n<p> Das R\u00fcckgrat des zentralen Einsatzelementes bilden hauptberuflich angestellte Tagdienstmitarbeitende (total 500 Stellenprozente). Namentlich \u00fcber diese Funktionen, sowie das zentrale Einsatzelement mit hochverf\u00fcgbaren Milizfunktionen, kann die Tagesverf\u00fcgbarkeit der personellen Einsatzmittel an Werktagen in allen Vertrags- und Anschlussgemeinden sichergestellt werden.<\/p>\n\n\n\n<p>Die Funktion der Feuerwehrkommandantin \/ des Feuerwehrkommandanten wird hauptberuflich (100%) durch den \/ die Leiter*in Feuerwehr wahrgenommen. Weitere hauptberufliche Tagdienstfunktionen sind in den Bereichen Logistik und Infrastruktur (2x 80-100%), Ausbildung (80-100%) und Support\/Administration (80-100%) vorgesehen.<\/p>\n\n\n\n<h2 class=\"wp-block-heading\">Einsatzkonzeption<\/h2>\n\n\n\n<p>Im Ereignisfall r\u00fccken die Einsatzelemente je nach Alarmstichwort und Einsatzszenario (= erforderlicher Mittelbedarf), je nach Einsatzort (= geografische Distanz zu den Magazinen, Zustand der Verkehrsachsen) sowie je nach Zeitpunkt (Tag \/ Nacht, Werktage oder Wochenenden und Feiertage) einzeln oder in festgelegten Kombinationen zur Einsatzstelle aus. Im Brandfall, sowie bei Personenrettungen, r\u00fcckt in jedem Fall auch das zentrale Einsatzelement zus\u00e4tzlich zu einem oder mehreren dezentralen Einsatzelement(en) aus, so dass zu jeder Zeit eine ausreichende Funktionsst\u00e4rke gew\u00e4hrleistet ist.<\/p>\n\n\n\n<p>Die Einsatzkonzeption der Feuerwehr Region Moossee erf\u00fcllt die gesetzlichen Bestimmungen und sie entspricht den Vorgaben der Geb\u00e4udeversicherung Bern (GVB), was die Minimalanforderungen an eine Feuerwehr der Kategorie B anbelangt.<\/p>\n\n\n\n<figure class=\"wp-block-image size-full\"><img loading=\"lazy\" decoding=\"async\" width=\"997\" height=\"917\" src=\"https:\/\/www.feuerwehr-moossee.ch\/wp-content\/uploads\/2021\/12\/Einsatzkonzeption.jpg\" alt=\"\" class=\"wp-image-324\" srcset=\"https:\/\/www.feuerwehr-moossee.ch\/wp-content\/uploads\/2021\/12\/Einsatzkonzeption.jpg 997w, https:\/\/www.feuerwehr-moossee.ch\/wp-content\/uploads\/2021\/12\/Einsatzkonzeption-300x276.jpg 300w, https:\/\/www.feuerwehr-moossee.ch\/wp-content\/uploads\/2021\/12\/Einsatzkonzeption-768x706.jpg 768w\" sizes=\"auto, (max-width: 706px) 89vw, (max-width: 767px) 82vw, 740px\" \/><\/figure>\n","protected":false},"excerpt":{"rendered":"<p>Bestand Die Feuerwehr Region Moossee wird in ihrer Zielkonfiguration einen Bestand von rund 150 Angeh\u00f6rigen der Feuerwehr (AdF) aufweisen. Die Gemeinden unterst\u00fctzen das Gemeindeunternehmen aktiv bei der Regulierung bzw. dem Erhalt des Bestandes und bei der Rekrutierung von neuen Feuerwehrangeh\u00f6rigen (Jahrg\u00e4nger, Zuz\u00fcger, Gemeindeangestellte, etc.). Einsatzelemente Miliz und Stationierung Die Einsatzorganisation der Feuerwehr sieht ein zentrales &hellip; <\/p>\n<p class=\"link-more\"><a href=\"https:\/\/www.feuerwehr-moossee.ch\/?page_id=62\" class=\"more-link\"><span class=\"screen-reader-text\">&#171;Einsatzkonzeption und Stationierung&#187;<\/span> weiterlesen<\/a><\/p>\n","protected":false},"author":1,"featured_media":0,"parent":36,"menu_order":0,"comment_status":"closed","ping_status":"closed","template":"","meta":{"footnotes":""},"class_list":["post-62","page","type-page","status-publish","hentry"],"_links":{"self":[{"href":"https:\/\/www.feuerwehr-moossee.ch\/index.php?rest_route=\/wp\/v2\/pages\/62","targetHints":{"allow":["GET"]}}],"collection":[{"href":"https:\/\/www.feuerwehr-moossee.ch\/index.php?rest_route=\/wp\/v2\/pages"}],"about":[{"href":"https:\/\/www.feuerwehr-moossee.ch\/index.php?rest_route=\/wp\/v2\/types\/page"}],"author":[{"embeddable":true,"href":"https:\/\/www.feuerwehr-moossee.ch\/index.php?rest_route=\/wp\/v2\/users\/1"}],"replies":[{"embeddable":true,"href":"https:\/\/www.feuerwehr-moossee.ch\/index.php?rest_route=%2Fwp%2Fv2%2Fcomments&post=62"}],"version-history":[{"count":6,"href":"https:\/\/www.feuerwehr-moossee.ch\/index.php?rest_route=\/wp\/v2\/pages\/62\/revisions"}],"predecessor-version":[{"id":326,"href":"https:\/\/www.feuerwehr-moossee.ch\/index.php?rest_route=\/wp\/v2\/pages\/62\/revisions\/326"}],"up":[{"embeddable":true,"href":"https:\/\/www.feuerwehr-moossee.ch\/index.php?rest_route=\/wp\/v2\/pages\/36"}],"wp:attachment":[{"href":"https:\/\/www.feuerwehr-moossee.ch\/index.php?rest_route=%2Fwp%2Fv2%2Fmedia&parent=62"}],"curies":[{"name":"wp","href":"https:\/\/api.w.org\/{rel}","templated":true}]}}