{"id":506,"date":"2021-12-29T08:33:53","date_gmt":"2021-12-29T07:33:53","guid":{"rendered":"https:\/\/www.feuerwehr-moossee.ch\/?page_id=506"},"modified":"2022-01-04T11:19:46","modified_gmt":"2022-01-04T10:19:46","slug":"magazine-standorte","status":"publish","type":"page","link":"https:\/\/www.feuerwehr-moossee.ch\/?page_id=506","title":{"rendered":"Magazine \/ Standorte"},"content":{"rendered":"\n<p><a href=\"https:\/\/www.feuerwehr-moossee.ch\/?page_id=512\" data-type=\"page\" data-id=\"512\">Standort Feuerwehrmagazin M\u00fcnchenbuchsee<\/a><\/p>\n\n\n\n<p><a href=\"https:\/\/www.feuerwehr-moossee.ch\/?page_id=515\" data-type=\"page\" data-id=\"515\">Standort Feuerwehrmagazin Moosseedorf<\/a><\/p>\n\n\n\n<p><a href=\"https:\/\/www.feuerwehr-moossee.ch\/?page_id=518\" data-type=\"page\" data-id=\"518\">Standort Feuerwehrmagazin Urtenen-Sch\u00f6nb\u00fchl<\/a><\/p>\n\n\n\n<p><a href=\"https:\/\/www.feuerwehr-moossee.ch\/?page_id=521\" data-type=\"page\" data-id=\"521\">Standort Feuerwehrmagazin Zollikofen<\/a><\/p>\n","protected":false},"excerpt":{"rendered":"<p>Standort Feuerwehrmagazin M\u00fcnchenbuchsee Standort Feuerwehrmagazin Moosseedorf Standort Feuerwehrmagazin Urtenen-Sch\u00f6nb\u00fchl Standort Feuerwehrmagazin Zollikofen<\/p>\n","protected":false},"author":1,"featured_media":0,"parent":0,"menu_order":0,"comment_status":"closed","ping_status":"closed","template":"","meta":{"footnotes":""},"class_list":["post-506","page","type-page","status-publish","hentry"],"_links":{"self":[{"href":"https:\/\/www.feuerwehr-moossee.ch\/index.php?rest_route=\/wp\/v2\/pages\/506","targetHints":{"allow":["GET"]}}],"collection":[{"href":"https:\/\/www.feuerwehr-moossee.ch\/index.php?rest_route=\/wp\/v2\/pages"}],"about":[{"href":"https:\/\/www.feuerwehr-moossee.ch\/index.php?rest_route=\/wp\/v2\/types\/page"}],"author":[{"embeddable":true,"href":"https:\/\/www.feuerwehr-moossee.ch\/index.php?rest_route=\/wp\/v2\/users\/1"}],"replies":[{"embeddable":true,"href":"https:\/\/www.feuerwehr-moossee.ch\/index.php?rest_route=%2Fwp%2Fv2%2Fcomments&post=506"}],"version-history":[{"count":2,"href":"https:\/\/www.feuerwehr-moossee.ch\/index.php?rest_route=\/wp\/v2\/pages\/506\/revisions"}],"predecessor-version":[{"id":609,"href":"https:\/\/www.feuerwehr-moossee.ch\/index.php?rest_route=\/wp\/v2\/pages\/506\/revisions\/609"}],"wp:attachment":[{"href":"https:\/\/www.feuerwehr-moossee.ch\/index.php?rest_route=%2Fwp%2Fv2%2Fmedia&parent=506"}],"curies":[{"name":"wp","href":"https:\/\/api.w.org\/{rel}","templated":true}]}}