{"id":50,"date":"2021-03-07T21:08:55","date_gmt":"2021-03-07T20:08:55","guid":{"rendered":"https:\/\/www.feuerwehr-moossee.ch\/?page_id=50"},"modified":"2026-04-14T06:28:20","modified_gmt":"2026-04-14T04:28:20","slug":"herzlich-willkommen","status":"publish","type":"page","link":"https:\/\/www.feuerwehr-moossee.ch\/","title":{"rendered":"Herzlich willkommen"},"content":{"rendered":"\n<p class=\"has-text-align-center has-medium-font-size\"><strong>News und Aktuelles<\/strong><\/p>\n\n\n\n<p class=\"has-text-align-center has-medium-font-size\"><strong>Die letzten Eins\u00e4tze der Feuerwehr Region Moossee<\/strong><\/p>\n\n\n\n<div class=\"wp-block-columns is-layout-flex wp-container-core-columns-is-layout-9d6595d7 wp-block-columns-is-layout-flex\">\n<div class=\"wp-block-column is-layout-flow wp-block-column-is-layout-flow\">\n<p class=\"has-vivid-red-color has-text-color has-link-color has-medium-font-size wp-elements-86d49cdd513ff37fbbb9ca360948aae9\">Einsatz Nr. 067<\/p>\n\n\n\n<p>Montag, 13. April 2026, 17:56<br>C1, Hilfeleistung<br>Bernstrasse, Moosseedorf<br>Einsatzkr\u00e4fte: Kompetenzgruppe, Kantonspolizei Bern<\/p>\n\n\n\n<p><\/p>\n\n\n\n<p class=\"has-small-font-size\"><\/p>\n<\/div>\n\n\n\n<div class=\"wp-block-column is-layout-flow wp-block-column-is-layout-flow\">\n<p class=\"has-vivid-red-color has-text-color has-link-color has-medium-font-size wp-elements-c6c9ac59e14b7cd55396bffb1eff9829\">Einsatz Nr. 066<\/p>\n\n\n\n<p>Montag, 13. April 2026, 12:50<br>C1, Hilfeleistung<br>Staldenstrasse, Urtenen-Sch\u00f6nb\u00fchl<br>Einsatzkr\u00e4fte: Tagdienst, Rettungsdienst von Schutz und Rettung Bern<\/p>\n<\/div>\n<\/div>\n\n\n\n<p class=\"has-text-align-left has-white-color has-text-color has-small-font-size\"><a href=\"https:\/\/www.feuerwehr-moossee.ch\/?page_id=3702\" data-type=\"page\" data-id=\"3702\"><strong>Zu den weiteren Eins\u00e4tze der Feuerwehr Region Moossee im 2026<\/strong><\/a><br><br>:<\/p>\n\n\n\n<p class=\"has-text-align-center has-black-color has-text-color has-link-color has-medium-font-size wp-elements-2b2e183a3ccc22432351ee583118dcda\"><strong>Einsatzstatistik Januar \u2013 M\u00e4rz 2026<\/strong><\/p>\n\n\n\n<figure class=\"wp-block-image size-large\"><img loading=\"lazy\" decoding=\"async\" width=\"1024\" height=\"696\" src=\"https:\/\/www.feuerwehr-moossee.ch\/wp-content\/uploads\/2026\/04\/Einsatzstatistik_Maerz_2026_Diagramm-1-1024x696.png\" alt=\"\" class=\"wp-image-3896\" srcset=\"https:\/\/www.feuerwehr-moossee.ch\/wp-content\/uploads\/2026\/04\/Einsatzstatistik_Maerz_2026_Diagramm-1-1024x696.png 1024w, https:\/\/www.feuerwehr-moossee.ch\/wp-content\/uploads\/2026\/04\/Einsatzstatistik_Maerz_2026_Diagramm-1-300x204.png 300w, https:\/\/www.feuerwehr-moossee.ch\/wp-content\/uploads\/2026\/04\/Einsatzstatistik_Maerz_2026_Diagramm-1-768x522.png 768w, https:\/\/www.feuerwehr-moossee.ch\/wp-content\/uploads\/2026\/04\/Einsatzstatistik_Maerz_2026_Diagramm-1-1536x1044.png 1536w, https:\/\/www.feuerwehr-moossee.ch\/wp-content\/uploads\/2026\/04\/Einsatzstatistik_Maerz_2026_Diagramm-1.png 1561w\" sizes=\"auto, (max-width: 706px) 89vw, (max-width: 767px) 82vw, 740px\" \/><\/figure>\n\n\n\n<p><a href=\"https:\/\/www.feuerwehr-moossee.ch\/?page_id=3705\" data-type=\"page\" data-id=\"3705\">Mehr Statistiken zu unseren Eins\u00e4tzen im 2026 findest du hier\u2026<\/a><\/p>\n\n\n\n<p class=\"has-white-color has-text-color has-link-color wp-elements-4dec8d8a8c8bf65245af9d29ccdc6da1\">:<\/p>\n\n\n\n<p class=\"has-text-align-center has-medium-font-size\"><strong>Einsatzstatistik Januar \u2013 Dezember 2025<\/strong><\/p>\n\n\n\n<p class=\"has-text-align-center\">\ud83d\udd25 <strong>Jahresr\u00fcckblick 2025 \u2013 Feuerwehr Region Moossee<\/strong> \ud83d\udd25<br><br>Gemeinsam haben wir im Jahr 2025, <strong>229 Eins\u00e4tze erfolgreich bew\u00e4ltigt!<\/strong><br><br>Ein riesiges <strong>MERCI<\/strong> an alle Angeh\u00f6rigen der Feuerwehr (AdF), die 24\/7 f\u00fcr die Sicherheit der Einwohner: innen unserer Region bereitstehen. Eure Einsatzbereitschaft und Teamarbeit machen den Unterschied!<\/p>\n\n\n\n<p class=\"has-text-align-center\">\ud83d\udc49 <strong>Nume z\u00e4me simer starch!<\/strong> \ud83e\udd1d<\/p>\n\n\n\n<p>#feuerwehr_region_moossee #z\u00e4mesimerstarch #mercif\u00fcreisatz #z\u00e4mearbeit #m\u00fcnchenbuchsee #moosseedorf #urtenen-sch\u00f6nb\u00fchl #zollikofen #deisswil.b.m. #wiggiswil #mattstetten<\/p>\n\n\n\n<figure class=\"wp-block-image size-large\"><img loading=\"lazy\" decoding=\"async\" width=\"1024\" height=\"733\" src=\"https:\/\/www.feuerwehr-moossee.ch\/wp-content\/uploads\/2026\/01\/Statistik_Dezember_2025_Diagramm-1024x733.png\" alt=\"\" class=\"wp-image-3746\" srcset=\"https:\/\/www.feuerwehr-moossee.ch\/wp-content\/uploads\/2026\/01\/Statistik_Dezember_2025_Diagramm-1024x733.png 1024w, https:\/\/www.feuerwehr-moossee.ch\/wp-content\/uploads\/2026\/01\/Statistik_Dezember_2025_Diagramm-300x215.png 300w, https:\/\/www.feuerwehr-moossee.ch\/wp-content\/uploads\/2026\/01\/Statistik_Dezember_2025_Diagramm-768x549.png 768w, https:\/\/www.feuerwehr-moossee.ch\/wp-content\/uploads\/2026\/01\/Statistik_Dezember_2025_Diagramm.png 1293w\" sizes=\"auto, (max-width: 706px) 89vw, (max-width: 767px) 82vw, 740px\" \/><\/figure>\n\n\n\n<p><a href=\"https:\/\/www.feuerwehr-moossee.ch\/?page_id=3162\" data-type=\"page\" data-id=\"3162\">Mehr Statistiken zu unseren Eins\u00e4tzen im 2025 findest du hier\u2026<\/a><\/p>\n\n\n\n<p class=\"has-white-color has-text-color has-link-color wp-elements-4dec8d8a8c8bf65245af9d29ccdc6da1\">:<\/p>\n\n\n\n<p class=\"has-text-align-center has-medium-font-size\"><strong>Herzlichen Dank<\/strong><\/p>\n\n\n\n<p>Der Einsatz am 03. Januar 2026 war unser 1&#8217;000 Einsatz seit dem operativem Start am 01.01.2022, Herzlichen Dank an alle AdF f\u00fcr eueren Einsatz zugunsten der Bev\u00f6lkerung und unserem Gemeinden, z\u00e4me simer Starch!! Wir w\u00fcnschen euch allen einen Guten Start ins 2026.<\/p>\n\n\n\n<figure class=\"wp-block-image size-full\"><img loading=\"lazy\" decoding=\"async\" width=\"931\" height=\"906\" src=\"https:\/\/www.feuerwehr-moossee.ch\/wp-content\/uploads\/2026\/01\/1000-Einsaetze-1.png\" alt=\"\" class=\"wp-image-3725\" srcset=\"https:\/\/www.feuerwehr-moossee.ch\/wp-content\/uploads\/2026\/01\/1000-Einsaetze-1.png 931w, https:\/\/www.feuerwehr-moossee.ch\/wp-content\/uploads\/2026\/01\/1000-Einsaetze-1-300x292.png 300w, https:\/\/www.feuerwehr-moossee.ch\/wp-content\/uploads\/2026\/01\/1000-Einsaetze-1-768x747.png 768w\" sizes=\"auto, (max-width: 706px) 89vw, (max-width: 767px) 82vw, 740px\" \/><\/figure>\n\n\n\n<p class=\"has-white-color has-text-color has-link-color wp-elements-4dec8d8a8c8bf65245af9d29ccdc6da1\">:<\/p>\n\n\n\n<p class=\"has-text-align-center has-black-color has-text-color has-link-color has-medium-font-size wp-elements-d7857d6f30ffe89be021808243d07366\"><strong>Herzlichen Dank f\u00fcr deinen Einsatz<\/strong><\/p>\n\n\n<div class=\"wp-block-image\">\n<figure class=\"aligncenter size-full is-resized\"><img loading=\"lazy\" decoding=\"async\" width=\"467\" height=\"642\" src=\"https:\/\/www.feuerwehr-moossee.ch\/wp-content\/uploads\/2025\/12\/Dankesworte_VRP_2025-1.png\" alt=\"\" class=\"wp-image-3681\" style=\"aspect-ratio:0.7274254003796914;width:591px;height:auto\" srcset=\"https:\/\/www.feuerwehr-moossee.ch\/wp-content\/uploads\/2025\/12\/Dankesworte_VRP_2025-1.png 467w, https:\/\/www.feuerwehr-moossee.ch\/wp-content\/uploads\/2025\/12\/Dankesworte_VRP_2025-1-218x300.png 218w\" sizes=\"auto, (max-width: 467px) 100vw, 467px\" \/><\/figure>\n<\/div>\n\n\n<p class=\"has-white-color has-text-color has-link-color wp-elements-4dec8d8a8c8bf65245af9d29ccdc6da1\">:<\/p>\n\n\n\n<p class=\"has-text-align-center has-medium-font-size\"><strong>Einsatzstatistik Januar \u2013 November 2025<\/strong><\/p>\n\n\n\n<figure class=\"wp-block-image size-full\"><img loading=\"lazy\" decoding=\"async\" width=\"1003\" height=\"666\" src=\"https:\/\/www.feuerwehr-moossee.ch\/wp-content\/uploads\/2025\/12\/Statistik_November_2025_Diagramm.png\" alt=\"\" class=\"wp-image-3665\" srcset=\"https:\/\/www.feuerwehr-moossee.ch\/wp-content\/uploads\/2025\/12\/Statistik_November_2025_Diagramm.png 1003w, https:\/\/www.feuerwehr-moossee.ch\/wp-content\/uploads\/2025\/12\/Statistik_November_2025_Diagramm-300x199.png 300w, https:\/\/www.feuerwehr-moossee.ch\/wp-content\/uploads\/2025\/12\/Statistik_November_2025_Diagramm-768x510.png 768w\" sizes=\"auto, (max-width: 706px) 89vw, (max-width: 767px) 82vw, 740px\" \/><\/figure>\n\n\n\n<p><a href=\"https:\/\/www.feuerwehr-moossee.ch\/?page_id=3162\" data-type=\"page\" data-id=\"3162\">Mehr Statistiken zu unseren Eins\u00e4tzen im 2025 findest du hier\u2026<\/a><\/p>\n\n\n\n<p class=\"has-white-color has-text-color has-link-color wp-elements-4dec8d8a8c8bf65245af9d29ccdc6da1\">:<\/p>\n\n\n\n<p class=\"has-text-align-center has-medium-font-size\">\u00c4ltere Beitr\u00e4ge findest du in unserem <a href=\"https:\/\/www.feuerwehr-moossee.ch\/?page_id=1847\" data-type=\"page\" data-id=\"1847\">Archiv<\/a> , viel Spass beim nachlesen&#8230;..<\/p>\n","protected":false},"excerpt":{"rendered":"<p>News und Aktuelles Die letzten Eins\u00e4tze der Feuerwehr Region Moossee Einsatz Nr. 067 Montag, 13. April 2026, 17:56C1, HilfeleistungBernstrasse, MoosseedorfEinsatzkr\u00e4fte: Kompetenzgruppe, Kantonspolizei Bern Einsatz Nr. 066 Montag, 13. April 2026, 12:50C1, HilfeleistungStaldenstrasse, Urtenen-Sch\u00f6nb\u00fchlEinsatzkr\u00e4fte: Tagdienst, Rettungsdienst von Schutz und Rettung Bern Zu den weiteren Eins\u00e4tze der Feuerwehr Region Moossee im 2026 : Einsatzstatistik Januar \u2013 M\u00e4rz &hellip; <\/p>\n<p class=\"link-more\"><a href=\"https:\/\/www.feuerwehr-moossee.ch\/\" class=\"more-link\"><span class=\"screen-reader-text\">&#171;Herzlich willkommen&#187;<\/span> weiterlesen<\/a><\/p>\n","protected":false},"author":1,"featured_media":0,"parent":0,"menu_order":0,"comment_status":"closed","ping_status":"closed","template":"","meta":{"footnotes":""},"class_list":["post-50","page","type-page","status-publish","hentry"],"_links":{"self":[{"href":"https:\/\/www.feuerwehr-moossee.ch\/index.php?rest_route=\/wp\/v2\/pages\/50","targetHints":{"allow":["GET"]}}],"collection":[{"href":"https:\/\/www.feuerwehr-moossee.ch\/index.php?rest_route=\/wp\/v2\/pages"}],"about":[{"href":"https:\/\/www.feuerwehr-moossee.ch\/index.php?rest_route=\/wp\/v2\/types\/page"}],"author":[{"embeddable":true,"href":"https:\/\/www.feuerwehr-moossee.ch\/index.php?rest_route=\/wp\/v2\/users\/1"}],"replies":[{"embeddable":true,"href":"https:\/\/www.feuerwehr-moossee.ch\/index.php?rest_route=%2Fwp%2Fv2%2Fcomments&post=50"}],"version-history":[{"count":964,"href":"https:\/\/www.feuerwehr-moossee.ch\/index.php?rest_route=\/wp\/v2\/pages\/50\/revisions"}],"predecessor-version":[{"id":3922,"href":"https:\/\/www.feuerwehr-moossee.ch\/index.php?rest_route=\/wp\/v2\/pages\/50\/revisions\/3922"}],"wp:attachment":[{"href":"https:\/\/www.feuerwehr-moossee.ch\/index.php?rest_route=%2Fwp%2Fv2%2Fmedia&parent=50"}],"curies":[{"name":"wp","href":"https:\/\/api.w.org\/{rel}","templated":true}]}}