{"id":36,"date":"2021-03-07T19:13:02","date_gmt":"2021-03-07T19:13:02","guid":{"rendered":"https:\/\/www.feuerwehr-moossee.ch\/?page_id=36"},"modified":"2022-01-06T08:41:53","modified_gmt":"2022-01-06T07:41:53","slug":"unternehmen","status":"publish","type":"page","link":"https:\/\/www.feuerwehr-moossee.ch\/?page_id=36","title":{"rendered":"Unternehmen"},"content":{"rendered":"\n<h2 class=\"wp-block-heading\"><\/h2>\n\n\n\n<p>Die Feuerwehr Region Moossee wurde am  01.07.2021 als \u00f6ffentlich-rechtliches Unternehmen von der Gemeinde Urtenen-Sch\u00f6nb\u00fchl in Abstimmung mit den Beh\u00f6rden der Vertragsgemeinden gegr\u00fcndet.<\/p>\n\n\n\n<p><a href=\"https:\/\/www.feuerwehr-moossee.ch\/?page_id=57\" data-type=\"page\" data-id=\"57\">Rechtsform und Rechtsgrundlagen<\/a><\/p>\n\n\n\n<p><a href=\"https:\/\/www.feuerwehr-moossee.ch\/?page_id=60\" data-type=\"page\" data-id=\"60\">Organe<\/a><\/p>\n\n\n\n<p><a href=\"https:\/\/www.feuerwehr-moossee.ch\/?page_id=62\" data-type=\"page\" data-id=\"62\">Einsatzkonzeption und Stationierung<\/a><\/p>\n\n\n\n<p><a href=\"https:\/\/www.feuerwehr-moossee.ch\/?page_id=70\" data-type=\"page\" data-id=\"70\">Betriebsorganisation<\/a><\/p>\n\n\n\n<p><a href=\"https:\/\/www.feuerwehr-moossee.ch\/?page_id=38\" data-type=\"page\" data-id=\"38\">Projekt Interkommunale Zusammenarbeit Feuerwehren<\/a><\/p>\n\n\n\n<p><a href=\"https:\/\/www.feuerwehr-moossee.ch\/?page_id=164\" data-type=\"page\" data-id=\"164\">Organisationskonstrukt<\/a><\/p>\n","protected":false},"excerpt":{"rendered":"<p>Die Feuerwehr Region Moossee wurde am 01.07.2021 als \u00f6ffentlich-rechtliches Unternehmen von der Gemeinde Urtenen-Sch\u00f6nb\u00fchl in Abstimmung mit den Beh\u00f6rden der Vertragsgemeinden gegr\u00fcndet. Rechtsform und Rechtsgrundlagen Organe Einsatzkonzeption und Stationierung Betriebsorganisation Projekt Interkommunale Zusammenarbeit Feuerwehren Organisationskonstrukt<\/p>\n","protected":false},"author":1,"featured_media":0,"parent":0,"menu_order":0,"comment_status":"closed","ping_status":"closed","template":"","meta":{"footnotes":""},"class_list":["post-36","page","type-page","status-publish","hentry"],"_links":{"self":[{"href":"https:\/\/www.feuerwehr-moossee.ch\/index.php?rest_route=\/wp\/v2\/pages\/36","targetHints":{"allow":["GET"]}}],"collection":[{"href":"https:\/\/www.feuerwehr-moossee.ch\/index.php?rest_route=\/wp\/v2\/pages"}],"about":[{"href":"https:\/\/www.feuerwehr-moossee.ch\/index.php?rest_route=\/wp\/v2\/types\/page"}],"author":[{"embeddable":true,"href":"https:\/\/www.feuerwehr-moossee.ch\/index.php?rest_route=\/wp\/v2\/users\/1"}],"replies":[{"embeddable":true,"href":"https:\/\/www.feuerwehr-moossee.ch\/index.php?rest_route=%2Fwp%2Fv2%2Fcomments&post=36"}],"version-history":[{"count":6,"href":"https:\/\/www.feuerwehr-moossee.ch\/index.php?rest_route=\/wp\/v2\/pages\/36\/revisions"}],"predecessor-version":[{"id":636,"href":"https:\/\/www.feuerwehr-moossee.ch\/index.php?rest_route=\/wp\/v2\/pages\/36\/revisions\/636"}],"wp:attachment":[{"href":"https:\/\/www.feuerwehr-moossee.ch\/index.php?rest_route=%2Fwp%2Fv2%2Fmedia&parent=36"}],"curies":[{"name":"wp","href":"https:\/\/api.w.org\/{rel}","templated":true}]}}